{"id":1261,"date":"2018-02-23T14:31:31","date_gmt":"2018-02-23T14:31:31","guid":{"rendered":"http:\/\/pintsandcrafts.edge-themes.com\/?page_id=1261"},"modified":"2024-07-29T00:20:58","modified_gmt":"2024-07-29T05:20:58","slug":"historia","status":"publish","type":"page","link":"https:\/\/tesorodeloeste.com\/en\/historia\/","title":{"rendered":"Our History"},"content":{"rendered":"<div class=\"edgtf-row-grid-section-wrapper\"  ><div class=\"edgtf-row-grid-section\"><div class=\"vc_row wpb_row vc_row-fluid vc_custom_1519396418477\" ><div class=\"wpb_column vc_column_container vc_col-sm-6\"><div class=\"vc_column-inner\"><div class=\"wpb_wrapper\"><div class=\"vc_empty_space\"   style=\"height: 20px\"><span class=\"vc_empty_space_inner\"><\/span><\/div>\n\t<div  class=\"wpb_single_image wpb_content_element vc_align_left\">\n\t\t\n\t\t<figure class=\"wpb_wrapper vc_figure\">\n\t\t\t<div class=\"vc_single_image-wrapper   vc_box_border_grey\"><img loading=\"lazy\" decoding=\"async\" class=\"vc_single_image-img\" src=\"https:\/\/tesorodeloeste.com\/wp-content\/uploads\/2024\/05\/Copia-de-RAICILLA-16-scaled-1280x750.jpg\" width=\"1280\" height=\"750\" alt=\"Copia de RAICILLA -16\" title=\"Copia de RAICILLA -16\" \/><\/div>\n\t\t<\/figure>\n\t<\/div>\n<div class=\"vc_empty_space\"   style=\"height: 100px\"><span class=\"vc_empty_space_inner\"><\/span><\/div>\n\t<div class=\"wpb_text_column wpb_content_element\" >\n\t\t<div class=\"wpb_wrapper\">\n\t\t\t<p>Our project protects and recovers this precious Legacy of Agave distillate, following the same ancestral methods, based on artisanal production transmitted from generation to generation by the master Taberneros (person who transforms Agave into Raicilla). Here we present Chuy Due\u00f1as, our raicillero who does a great job to recover the magic that was given to him since his childhood.<br \/>\nThe Raicillero:<\/p>\n\n\t\t<\/div>\n\t<\/div>\n<\/div><\/div><\/div><div class=\"wpb_column vc_column_container vc_col-sm-6\"><div class=\"vc_column-inner\"><div class=\"wpb_wrapper\"><div class=\"vc_empty_space\"   style=\"height: 100px\"><span class=\"vc_empty_space_inner\"><\/span><\/div>\n\t<div class=\"wpb_text_column wpb_content_element\" >\n\t\t<div class=\"wpb_wrapper\">\n\t\t\t<p>\n<span class=\"edgtf-highlight\" style=\"color: #fff;background-color: #ffc123\">\n\tThe founder.<\/span> Passionate entrepreneur, lover of nature and extreme sports. Share his adventures on bicycle and horseback with these agaves in the mountains. He wakes up in the middle of the night wanting to recover this great gastronomic legacy of producing Raicilla. \u201cIt took us a little over a year to find our flavor and profile, when we achieved it we were amazed as if we had discovered a great Treasure\u2026.<\/p>\n<p>After 2021 we are dedicated to perfecting, generating several expressions that have pleased the demanding palates of many lovers of Mexican Spirits.\u201d<\/p>\n\n\t\t<\/div>\n\t<\/div>\n<div class=\"vc_empty_space\"   style=\"height: 100px\"><span class=\"vc_empty_space_inner\"><\/span><\/div>\n\t<div  class=\"wpb_single_image wpb_content_element vc_align_left\">\n\t\t\n\t\t<figure class=\"wpb_wrapper vc_figure\">\n\t\t\t<div class=\"vc_single_image-wrapper   vc_box_border_grey\"><img loading=\"lazy\" decoding=\"async\" class=\"vc_single_image-img\" src=\"https:\/\/tesorodeloeste.com\/wp-content\/uploads\/2024\/07\/chuy-scaled-1280x750.jpg\" width=\"1280\" height=\"750\" alt=\"chuy\" title=\"chuy\" \/><\/div>\n\t\t<\/figure>\n\t<\/div>\n<\/div><\/div><\/div><\/div><\/div><\/div>","protected":false},"excerpt":{"rendered":"Nuestro proyecto protege y recupera este precioso Legado de destilado de Agave, siguiendo los mismos m\u00e9todos ancestrales, basados en una elaboraci\u00f3n artesanal transmitida de generaci\u00f3n a generaci\u00f3n por los maestros Taberneros (persona que transforma el Agave en Raicilla). Aqu\u00ed les [...]","protected":false},"author":1,"featured_media":0,"parent":0,"menu_order":0,"comment_status":"closed","ping_status":"closed","template":"full-width.php","meta":{"_joinchat":[],"footnotes":""},"class_list":["post-1261","page","type-page","status-publish","hentry"],"yoast_head":"<!-- This site is optimized with the Yoast SEO plugin v23.3 - https:\/\/yoast.com\/wordpress\/plugins\/seo\/ -->\n<title>Nuestra Historia &#8212; El Tesoro del Oeste<\/title>\n<meta name=\"robots\" content=\"index, follow, max-snippet:-1, max-image-preview:large, max-video-preview:-1\" \/>\n<link rel=\"canonical\" href=\"https:\/\/tesorodeloeste.com\/en\/historia\/\" \/>\n<meta property=\"og:locale\" content=\"en_US\" \/>\n<meta property=\"og:type\" content=\"article\" \/>\n<meta property=\"og:title\" content=\"Nuestra Historia &#8212; El Tesoro del Oeste\" \/>\n<meta property=\"og:url\" content=\"https:\/\/tesorodeloeste.com\/en\/historia\/\" \/>\n<meta property=\"og:site_name\" content=\"El Tesoro del Oeste\" \/>\n<meta property=\"article:publisher\" content=\"https:\/\/www.facebook.com\/tesorodeloeste\/\" \/>\n<meta property=\"article:modified_time\" content=\"2024-07-29T05:20:58+00:00\" \/>\n<meta name=\"twitter:card\" content=\"summary_large_image\" \/>\n<meta name=\"twitter:label1\" content=\"Est. reading time\" \/>\n\t<meta name=\"twitter:data1\" content=\"1 minute\" \/>\n<script type=\"application\/ld+json\" class=\"yoast-schema-graph\">{\"@context\":\"https:\/\/schema.org\",\"@graph\":[{\"@type\":\"WebPage\",\"@id\":\"https:\/\/tesorodeloeste.com\/historia\/\",\"url\":\"https:\/\/tesorodeloeste.com\/historia\/\",\"name\":\"Nuestra Historia &#8212; El Tesoro del Oeste\",\"isPartOf\":{\"@id\":\"https:\/\/tesorodeloeste.com\/#website\"},\"datePublished\":\"2018-02-23T14:31:31+00:00\",\"dateModified\":\"2024-07-29T05:20:58+00:00\",\"breadcrumb\":{\"@id\":\"https:\/\/tesorodeloeste.com\/historia\/#breadcrumb\"},\"inLanguage\":\"en-US\",\"potentialAction\":[{\"@type\":\"ReadAction\",\"target\":[\"https:\/\/tesorodeloeste.com\/historia\/\"]}]},{\"@type\":\"BreadcrumbList\",\"@id\":\"https:\/\/tesorodeloeste.com\/historia\/#breadcrumb\",\"itemListElement\":[{\"@type\":\"ListItem\",\"position\":1,\"name\":\"Portada\",\"item\":\"https:\/\/tesorodeloeste.com\/\"},{\"@type\":\"ListItem\",\"position\":2,\"name\":\"Nuestra Historia\"}]},{\"@type\":\"WebSite\",\"@id\":\"https:\/\/tesorodeloeste.com\/#website\",\"url\":\"https:\/\/tesorodeloeste.com\/\",\"name\":\"El Tesoro del Oeste\",\"description\":\"El tesoro del oeste. Futuro sitio de la mejor Raicilla\",\"publisher\":{\"@id\":\"https:\/\/tesorodeloeste.com\/#organization\"},\"potentialAction\":[{\"@type\":\"SearchAction\",\"target\":{\"@type\":\"EntryPoint\",\"urlTemplate\":\"https:\/\/tesorodeloeste.com\/?s={search_term_string}\"},\"query-input\":\"required name=search_term_string\"}],\"inLanguage\":\"en-US\"},{\"@type\":\"Organization\",\"@id\":\"https:\/\/tesorodeloeste.com\/#organization\",\"name\":\"Tesoro del Oeste\",\"url\":\"https:\/\/tesorodeloeste.com\/\",\"logo\":{\"@type\":\"ImageObject\",\"inLanguage\":\"en-US\",\"@id\":\"https:\/\/tesorodeloeste.com\/#\/schema\/logo\/image\/\",\"url\":\"https:\/\/tesorodeloeste.com\/wp-content\/uploads\/2021\/06\/Sello-color-e1622744051287.png\",\"contentUrl\":\"https:\/\/tesorodeloeste.com\/wp-content\/uploads\/2021\/06\/Sello-color-e1622744051287.png\",\"width\":512,\"height\":512,\"caption\":\"Tesoro del Oeste\"},\"image\":{\"@id\":\"https:\/\/tesorodeloeste.com\/#\/schema\/logo\/image\/\"},\"sameAs\":[\"https:\/\/www.facebook.com\/tesorodeloeste\/\",\"https:\/\/www.instagram.com\/tesorodeloeste\"]}]}<\/script>\n<!-- \/ Yoast SEO plugin. -->","yoast_head_json":{"title":"Nuestra Historia &#8212; El Tesoro del Oeste","robots":{"index":"index","follow":"follow","max-snippet":"max-snippet:-1","max-image-preview":"max-image-preview:large","max-video-preview":"max-video-preview:-1"},"canonical":"https:\/\/tesorodeloeste.com\/en\/historia\/","og_locale":"en_US","og_type":"article","og_title":"Nuestra Historia &#8212; El Tesoro del Oeste","og_url":"https:\/\/tesorodeloeste.com\/en\/historia\/","og_site_name":"El Tesoro del Oeste","article_publisher":"https:\/\/www.facebook.com\/tesorodeloeste\/","article_modified_time":"2024-07-29T05:20:58+00:00","twitter_card":"summary_large_image","twitter_misc":{"Est. reading time":"1 minute"},"schema":{"@context":"https:\/\/schema.org","@graph":[{"@type":"WebPage","@id":"https:\/\/tesorodeloeste.com\/historia\/","url":"https:\/\/tesorodeloeste.com\/historia\/","name":"Nuestra Historia &#8212; El Tesoro del Oeste","isPartOf":{"@id":"https:\/\/tesorodeloeste.com\/#website"},"datePublished":"2018-02-23T14:31:31+00:00","dateModified":"2024-07-29T05:20:58+00:00","breadcrumb":{"@id":"https:\/\/tesorodeloeste.com\/historia\/#breadcrumb"},"inLanguage":"en-US","potentialAction":[{"@type":"ReadAction","target":["https:\/\/tesorodeloeste.com\/historia\/"]}]},{"@type":"BreadcrumbList","@id":"https:\/\/tesorodeloeste.com\/historia\/#breadcrumb","itemListElement":[{"@type":"ListItem","position":1,"name":"Portada","item":"https:\/\/tesorodeloeste.com\/"},{"@type":"ListItem","position":2,"name":"Nuestra Historia"}]},{"@type":"WebSite","@id":"https:\/\/tesorodeloeste.com\/#website","url":"https:\/\/tesorodeloeste.com\/","name":"El Tesoro del Oeste","description":"El tesoro del oeste. Futuro sitio de la mejor Raicilla","publisher":{"@id":"https:\/\/tesorodeloeste.com\/#organization"},"potentialAction":[{"@type":"SearchAction","target":{"@type":"EntryPoint","urlTemplate":"https:\/\/tesorodeloeste.com\/?s={search_term_string}"},"query-input":"required name=search_term_string"}],"inLanguage":"en-US"},{"@type":"Organization","@id":"https:\/\/tesorodeloeste.com\/#organization","name":"Tesoro del Oeste","url":"https:\/\/tesorodeloeste.com\/","logo":{"@type":"ImageObject","inLanguage":"en-US","@id":"https:\/\/tesorodeloeste.com\/#\/schema\/logo\/image\/","url":"https:\/\/tesorodeloeste.com\/wp-content\/uploads\/2021\/06\/Sello-color-e1622744051287.png","contentUrl":"https:\/\/tesorodeloeste.com\/wp-content\/uploads\/2021\/06\/Sello-color-e1622744051287.png","width":512,"height":512,"caption":"Tesoro del Oeste"},"image":{"@id":"https:\/\/tesorodeloeste.com\/#\/schema\/logo\/image\/"},"sameAs":["https:\/\/www.facebook.com\/tesorodeloeste\/","https:\/\/www.instagram.com\/tesorodeloeste"]}]}},"_links":{"self":[{"href":"https:\/\/tesorodeloeste.com\/en\/wp-json\/wp\/v2\/pages\/1261","targetHints":{"allow":["GET"]}}],"collection":[{"href":"https:\/\/tesorodeloeste.com\/en\/wp-json\/wp\/v2\/pages"}],"about":[{"href":"https:\/\/tesorodeloeste.com\/en\/wp-json\/wp\/v2\/types\/page"}],"author":[{"embeddable":true,"href":"https:\/\/tesorodeloeste.com\/en\/wp-json\/wp\/v2\/users\/1"}],"replies":[{"embeddable":true,"href":"https:\/\/tesorodeloeste.com\/en\/wp-json\/wp\/v2\/comments?post=1261"}],"version-history":[{"count":31,"href":"https:\/\/tesorodeloeste.com\/en\/wp-json\/wp\/v2\/pages\/1261\/revisions"}],"predecessor-version":[{"id":7765,"href":"https:\/\/tesorodeloeste.com\/en\/wp-json\/wp\/v2\/pages\/1261\/revisions\/7765"}],"wp:attachment":[{"href":"https:\/\/tesorodeloeste.com\/en\/wp-json\/wp\/v2\/media?parent=1261"}],"curies":[{"name":"wp","href":"https:\/\/api.w.org\/{rel}","templated":true}]}}